{"id":723,"date":"2021-05-03T15:06:04","date_gmt":"2021-05-03T15:06:04","guid":{"rendered":"https:\/\/thefuturecompany.eu\/clients\/"},"modified":"2023-05-10T08:01:39","modified_gmt":"2023-05-10T08:01:39","slug":"clients","status":"publish","type":"page","link":"https:\/\/thefuturecompany.eu\/en\/clients\/","title":{"rendered":"Clients"},"content":{"rendered":"<section class=\"wpb-content-wrapper\"><p>[vc_section parallax=&#8221;content-moving&#8221; parallax_image=&#8221;344&#8243;][vc_row][vc_column width=&#8221;1\/6&#8243;][\/vc_column][vc_column width=&#8221;2\/3&#8243;]<div id=\"ultimate-heading-675269deedbd04fe7\" class=\"uvc-heading ult-adjust-bottom-margin ultimate-heading-675269deedbd04fe7 uvc-8799 \" data-hspacer=\"line_only\"  data-halign=\"center\" style=\"text-align:center\"><div class=\"uvc-heading-spacer line_only\" style=\"topheight:50px;\"><span class=\"uvc-headings-line\" style=\"border-style:solid;border-bottom-width:50px;border-color:#ccc;width:1px;\"><\/span><\/div><\/div><div class=\"ult-spacer spacer-69deedbd0502c\" data-id=\"69deedbd0502c\" data-height=\"30\" data-height-mobile=\"30\" data-height-tab=\"30\" data-height-tab-portrait=\"\" data-height-mobile-landscape=\"\" style=\"clear:both;display:block;\"><\/div>[vc_custom_heading text=&#8221;<b>THE FUTURE COMPANY<\/b> INSPIRES ACROSS SECTORS&#8221; font_container=&#8221;tag:h5|text_align:center|color:__USE_THEME_MAIN_COLOR__&#8221; use_theme_fonts=&#8221;yes&#8221;][vc_custom_heading text=&#8221;OUR CLIENTS&#8221; font_container=&#8221;tag:h2|font_size:50px|text_align:center|color:%23f7f7f7&#8243; use_theme_fonts=&#8221;yes&#8221;][vc_empty_space height=&#8221;60px&#8221;][vc_custom_heading text=&#8221;SOME OF OUR CLIENTS&#8221; font_container=&#8221;tag:h5|text_align:center&#8221; use_theme_fonts=&#8221;yes&#8221;]<div id=\"ult-carousel-267830479069deedbd050fb\" class=\"ult-carousel-wrapper   ult_horizontal\" data-gutter=\"15\" data-rtl=\"false\" ><div class=\"ult-carousel-379373640969deedbd0505d \" >[vc_single_image image=&#8221;623&#8243; img_size=&#8221;&#8221;][vc_single_image image=&#8221;625&#8243; img_size=&#8221;&#8221;][vc_single_image image=&#8221;627&#8243; img_size=&#8221;&#8221;][vc_single_image image=&#8221;629&#8243; img_size=&#8221;&#8221;][vc_single_image image=&#8221;631&#8243; img_size=&#8221;&#8221;][vc_single_image image=&#8221;633&#8243; img_size=&#8221;&#8221;][vc_single_image image=&#8221;635&#8243; img_size=&#8221;&#8221;][vc_single_image image=&#8221;649&#8243; img_size=&#8221;&#8221;][vc_single_image image=&#8221;637&#8243; img_size=&#8221;&#8221;][vc_single_image image=&#8221;639&#8243; img_size=&#8221;&#8221;][vc_single_image image=&#8221;641&#8243; img_size=&#8221;&#8221;][vc_single_image image=&#8221;643&#8243; img_size=&#8221;&#8221;][vc_single_image image=&#8221;645&#8243; img_size=&#8221;&#8221;]<\/div><\/div>\t\t\t<script type=\"text\/javascript\">\r\n\t\t\t\tjQuery(document).ready(function ($) {\r\n\t\t\t\t\tif( typeof jQuery('.ult-carousel-379373640969deedbd0505d').slick == \"function\"){\r\n\t\t\t\t\t\t$('.ult-carousel-379373640969deedbd0505d').slick({dots: true,autoplay: true,autoplaySpeed: 1500,speed: 1000,infinite: true,arrows: true,nextArrow: '<button type=\"button\" role=\"button\" aria-label=\"Next\" style=\"color:__USE_THEME_MAIN_COLOR__; font-size:20px;\" class=\"slick-next default\"><i class=\"ultsl-arrow-right4\"><\/i><\/button>',prevArrow: '<button type=\"button\" role=\"button\" aria-label=\"Previous\" style=\"color:__USE_THEME_MAIN_COLOR__; font-size:20px;\" class=\"slick-prev default\"><i class=\"ultsl-arrow-left4\"><\/i><\/button>',slidesToScroll:3,slidesToShow:3,swipe: true,draggable: true,touchMove: true,pauseOnHover: true,pauseOnFocus: false,responsive: [\r\n\t\t\t\t\t\t\t{\r\n\t\t\t\t\t\t\t  breakpoint: 1026,\r\n\t\t\t\t\t\t\t  settings: {\r\n\t\t\t\t\t\t\t\tslidesToShow: 3,\r\n\t\t\t\t\t\t\t\tslidesToScroll: 3,  \r\n\t\t\t\t\t\t\t  }\r\n\t\t\t\t\t\t\t},\r\n\t\t\t\t\t\t\t{\r\n\t\t\t\t\t\t\t  breakpoint: 1025,\r\n\t\t\t\t\t\t\t  settings: {\r\n\t\t\t\t\t\t\t\tslidesToShow: 3,\r\n\t\t\t\t\t\t\t\tslidesToScroll: 3\r\n\t\t\t\t\t\t\t  }\r\n\t\t\t\t\t\t\t},\r\n\t\t\t\t\t\t\t{\r\n\t\t\t\t\t\t\t  breakpoint: 760,\r\n\t\t\t\t\t\t\t  settings: {\r\n\t\t\t\t\t\t\t\tslidesToShow: 2,\r\n\t\t\t\t\t\t\t\tslidesToScroll: 2\r\n\t\t\t\t\t\t\t  }\r\n\t\t\t\t\t\t\t}\r\n\t\t\t\t\t\t],pauseOnDotsHover: true,customPaging: function(slider, i) {\r\n                   return '<i type=\"button\" style= \"color:#939393;\" class=\"ultsl-record\" data-role=\"none\"><\/i>';\r\n                },});\r\n\t\t\t\t\t}\r\n\t\t\t\t});\r\n\t\t\t<\/script>\r\n\t\t\t[vc_empty_space height=&#8221;60px&#8221;][vc_custom_heading text=&#8221;TESTIMONIALS&#8221; font_container=&#8221;tag:h5|text_align:center&#8221; use_theme_fonts=&#8221;yes&#8221;]<div id=\"testimonials-slider-1\" class=\"single-wide-testimonials testimonials-style2 style-light testimonials-align-center  testimonials-hide-image \"><ul class=\"slides styled-list\" style=\"max-height:650px;\" ><li class=\"testimonials-slide\"><div class=\"testimonials-slide-content container\"><div class=\"testimonilas1bg\"><div class=\"img-container\"><\/div><div class=\"text-container\"><span class=\"testimonials_text_content\"><p style=\"text-align: center\"><span style=\"color: #ffffff\">Gro\u00dfartig, inspirierend, Augen \u00f6ffnend ... was anderes f\u00e4llt mir zu dem Event einfach nicht ein.<\/span><\/p><\/span><\/div><span class=\"t-author\">Ulf SchubertDirector UX &amp; Touchpoint Design, DATEV eG<\/span><\/div><\/div><\/li><li class=\"testimonials-slide\"><div class=\"testimonials-slide-content container\"><div class=\"testimonilas1bg\"><div class=\"img-container\"><\/div><div class=\"text-container\"><span class=\"testimonials_text_content\"><p style=\"text-align: center\"><span style=\"color: #ffffff\">Great, inspiring, eye-opening ... I can't think of anything else to say about this event.<\/span><\/p><\/span><\/div><span class=\"t-author\"><\/span><\/div><\/div><\/li><li class=\"testimonials-slide\"><div class=\"testimonials-slide-content container\"><div class=\"testimonilas1bg\"><div class=\"img-container\"><\/div><div class=\"text-container\"><span class=\"testimonials_text_content\"><p style=\"text-align: center\"><span style=\"color: #ffffff\">Vielen Dank f\u00fcr den Vortrag, habe selten eine so mitrei\u00dfende Schulung erlebt.<\/span><\/p><\/span><\/div><span class=\"t-author\">Keynote zu Innovation bei einem Automobilzulieferer<\/span><\/div><\/div><\/li><li class=\"testimonials-slide\"><div class=\"testimonials-slide-content container\"><div class=\"testimonilas1bg\"><div class=\"img-container\"><\/div><div class=\"text-container\"><span class=\"testimonials_text_content\"><p style=\"text-align: center\"><span style=\"color: #ffffff\">Thank you very much for your presentation and talk, I have rarely experienced such a captivating training.<\/span><\/p><\/span><\/div><span class=\"t-author\"><\/span><\/div><\/div><\/li><li class=\"testimonials-slide\"><div class=\"testimonials-slide-content container\"><div class=\"testimonilas1bg\"><div class=\"img-container\"><img decoding=\"async\" title=\"Dr. Jan Huntgeburth\" src=\"https:\/\/thefuturecompany.eu\/wp-content\/uploads\/2021\/04\/t1.jpeg\" alt=\"Dr. Jan Huntgeburth\"><\/div><div class=\"text-container\"><span class=\"testimonials_text_content\"><p style=\"text-align: center\"><span style=\"color: #ffffff\">Der Future Skills Navigator ist ein gro\u00dfartiges praktisches Tool f\u00fcr CEOs, HR Leader und alle, die sich und ihr Umfeld f\u00fcr das digitale Zeitalter fit machen wollen.<\/span><\/p><\/span><\/div><span class=\"t-author\">Dr. Jan Huntgeburth<a href=\"#\">Head of Delivery, ERGO Group <\/a><\/span><\/div><\/div><\/li><li class=\"testimonials-slide\"><div class=\"testimonials-slide-content container\"><div class=\"testimonilas1bg\"><div class=\"img-container\"><img decoding=\"async\" title=\"\" src=\"https:\/\/thefuturecompany.eu\/wp-content\/uploads\/2021\/04\/t1.jpeg\" alt=\"\"><\/div><div class=\"text-container\"><span class=\"testimonials_text_content\"><p style=\"text-align: center\"><span style=\"color: #ffffff\">The Future Skills Navigator is a great practical tool for CEOs, HR leaders and anyone who wants to get themselves and their environment ready for the digital age.<\/span><\/p><\/span><\/div><span class=\"t-author\"><\/span><\/div><\/div><\/li><li class=\"testimonials-slide\"><div class=\"testimonials-slide-content container\"><div class=\"testimonilas1bg\"><div class=\"img-container\"><img decoding=\"async\" title=\"Stefan Benndorf\" src=\"https:\/\/thefuturecompany.eu\/wp-content\/uploads\/2021\/04\/t4.jpeg\" alt=\"Stefan Benndorf\"><\/div><div class=\"text-container\"><span class=\"testimonials_text_content\"><p style=\"text-align: center\"><span style=\"color: #ffffff\">Dieses Thema ist einer der wichtigsten strategischen Hebel f\u00fcr viele Organisationen \u00fcberhaupt und geh\u00f6rt auf jede CEO Agenda.<\/span><\/p><\/span><\/div><span class=\"t-author\">Stefan Benndorf<a href=\"#\">CEO, scaleon GmbH <\/a><\/span><\/div><\/div><\/li><li class=\"testimonials-slide\"><div class=\"testimonials-slide-content container\"><div class=\"testimonilas1bg\"><div class=\"img-container\"><img decoding=\"async\" title=\"\" src=\"https:\/\/thefuturecompany.eu\/wp-content\/uploads\/2021\/04\/t4.jpeg\" alt=\"\"><\/div><div class=\"text-container\"><span class=\"testimonials_text_content\"><p style=\"text-align: center\"><span style=\"color: #ffffff\">This topic is one of the most important strategic leverages of all for many organizations and belongs on every CEO agenda.<\/span><\/p><\/span><\/div><span class=\"t-author\"><\/span><\/div><\/div><\/li><li class=\"testimonials-slide\"><div class=\"testimonials-slide-content container\"><div class=\"testimonilas1bg\"><div class=\"img-container\"><img decoding=\"async\" title=\"Tomasz Cichowicz\" src=\"https:\/\/thefuturecompany.eu\/wp-content\/uploads\/2021\/04\/t1.jpeg\" alt=\"Tomasz Cichowicz\"><\/div><div class=\"text-container\"><span class=\"testimonials_text_content\"><p style=\"text-align: center\"><span style=\"color: #ffffff\">Die menschliche Seite spielt zunehmend eine bedeutendere Rolle als technische F\u00e4higkeiten. Der Future Skills Navigator ist ein Leitfaden, um seinen Platz in der KI-gest\u00fctzten Welt zu finden.<\/span><\/p><\/span><\/div><span class=\"t-author\">Tomasz Cichowicz<a href=\"#\">Managing Director, BinarApps <\/a><\/span><\/div><\/div><\/li><li class=\"testimonials-slide\"><div class=\"testimonials-slide-content container\"><div class=\"testimonilas1bg\"><div class=\"img-container\"><img decoding=\"async\" title=\"\" src=\"https:\/\/thefuturecompany.eu\/wp-content\/uploads\/2021\/04\/t1.jpeg\" alt=\"\"><\/div><div class=\"text-container\"><span class=\"testimonials_text_content\"><p style=\"text-align: center\"><span style=\"color: #ffffff\">The human side is of incresasing importance compared to technical skills. The Future Skills Navigator is a guide to finding your place in the AI-enhanced world.<\/span><\/p><\/span><\/div><span class=\"t-author\"><\/span><\/div><\/div><\/li><li class=\"testimonials-slide\"><div class=\"testimonials-slide-content container\"><div class=\"testimonilas1bg\"><div class=\"img-container\"><img decoding=\"async\" title=\"Dr. Ulrich Lohmann\" src=\"https:\/\/thefuturecompany.eu\/wp-content\/uploads\/2021\/04\/t2.jpeg\" alt=\"Dr. Ulrich Lohmann\"><\/div><div class=\"text-container\"><span class=\"testimonials_text_content\"><p style=\"text-align: center\"><span style=\"color: #ffffff\">Gut strukturiert, anwendbar und klar. Und dar\u00fcber hinaus: eine ungemeine Motivation, um die Probleme der heutigen Menschheit anzupacken. Der Future Skills Navigator ist der noch fehlende geistige Kompass der Menschheit zur Erreichung der 17 Sustainable Development Goals (SDGs) der Vereinten Nationen.<\/span><\/p><\/span><\/div><span class=\"t-author\">Dr. Ulrich Lohmann<a href=\"#\">Gesch\u00e4ftsf\u00fchrer, Proceed GmbH<\/a><\/span><\/div><\/div><\/li><li class=\"testimonials-slide\"><div class=\"testimonials-slide-content container\"><div class=\"testimonilas1bg\"><div class=\"img-container\"><img decoding=\"async\" title=\"\" src=\"https:\/\/thefuturecompany.eu\/wp-content\/uploads\/2021\/04\/t2.jpeg\" alt=\"\"><\/div><div class=\"text-container\"><span class=\"testimonials_text_content\"><p style=\"text-align: center\"><span style=\"color: #ffffff\">Well structured, applicable and clear. And beyond that: an immense motivation to tackle the problems of humanity today. The Future Skills Navigator is humanity's missing intellectual compass for achieving the United Nations' 17 Sustainable Development Goals (SDGs).<\/span><\/p><\/span><\/div><span class=\"t-author\"><\/span><\/div><\/div><\/li><li class=\"testimonials-slide\"><div class=\"testimonials-slide-content container\"><div class=\"testimonilas1bg\"><div class=\"img-container\"><img decoding=\"async\" title=\"Martin Maurer\" src=\"https:\/\/thefuturecompany.eu\/wp-content\/uploads\/2021\/04\/t5.jpeg\" alt=\"Martin Maurer\"><\/div><div class=\"text-container\"><span class=\"testimonials_text_content\"><p style=\"text-align: center\"><span style=\"color: #ffffff\">Future-Angst - Nein Danke! Der Future Skills Navigator bietet ein gro\u00dfartiges Kompendium der wichtigsten F\u00e4higkeiten, die es neu zu entdecken und zu entwickeln gilt, wenn wir unsere Zukunft positiv meistern wollen.<\/span><\/p><\/span><\/div><span class=\"t-author\">Martin Maurer<a href=\"#\">CEO, PSP Consult<\/a><\/span><\/div><\/div><\/li><li class=\"testimonials-slide\"><div class=\"testimonials-slide-content container\"><div class=\"testimonilas1bg\"><div class=\"img-container\"><img decoding=\"async\" title=\"\" src=\"https:\/\/thefuturecompany.eu\/wp-content\/uploads\/2021\/04\/t5.jpeg\" alt=\"\"><\/div><div class=\"text-container\"><span class=\"testimonials_text_content\"><p style=\"text-align: center\"><span style=\"color: #ffffff\">Future-Angst - No Thanks! The Future Skills Navigator provides a great compendium of the most important skills to rediscover and develop if we are to positively master our future.<\/span><\/p><\/span><\/div><span class=\"t-author\"><\/span><\/div><\/div><\/li><li class=\"testimonials-slide\"><div class=\"testimonials-slide-content container\"><div class=\"testimonilas1bg\"><div class=\"img-container\"><img decoding=\"async\" title=\"\" src=\"https:\/\/thefuturecompany.eu\/wp-content\/uploads\/2021\/04\/t6.jpeg\" alt=\"\"><\/div><div class=\"text-container\"><span class=\"testimonials_text_content\"><p style=\"text-align: center\"><span style=\"color: #ffffff\">Future Skills: ein h\u00f6chst relevantes Thema in einer angenehmen Balance aus Theorie und Praxis - Chapeau!<\/span><\/p><\/span><\/div><span class=\"t-author\"><\/span><\/div><\/div><\/li><li class=\"testimonials-slide\"><div class=\"testimonials-slide-content container\"><div class=\"testimonilas1bg\"><div class=\"img-container\"><img decoding=\"async\" title=\"\" src=\"https:\/\/thefuturecompany.eu\/wp-content\/uploads\/2021\/04\/t6.jpeg\" alt=\"\"><\/div><div class=\"text-container\"><span class=\"testimonials_text_content\"><p style=\"text-align: center\"><span style=\"color: #ffffff\">Future Skills: a highly relevant topic in a pleasant balance of theory and practice - chapeau!<\/span><\/p><\/span><\/div><span class=\"t-author\"><\/span><\/div><\/div><\/li><\/ul><\/div>\n\t\t\t<script type=\"text\/javascript\">\n\t\t\t\tjQuery(document).ready(function(){\n\t\t\t\t\t\n\t\t\t\t\tif (window.self===window.top){\n\t\t\t\t\t\tif (jQuery('body').is('.wp-admin.compose-mode')){\n\t\t\t\t\t\t\treturn;\n\t\t\t\t\t\t}\n\t\t\t\t\t}\n\t\t\t\t\t\n\t\t\t\t\tvar who = jQuery('#testimonials-slider-1 ul.slides');\n\t\t\t\t\n\t\t\t\t\tvar opts = ['slide','horizontal','yes','3500','1000','yes','yes','yes','light','1','1','1','1'];\n\t\t\t\t\tif (opts[2] == 'yes') opts[2] = true; else opts[2] = false;\n\t\t\t\t\tif (opts[5] == 'yes') {\n\t\t\t\t\t\topts[5] = true;\n\t\t\t\t\t} else opts[5] = false;\n\t\t\t\t\tif (opts[6] == 'yes') {\n\t\t\t\t\t\topts[6] = true;\n\t\t\t\t\t} else opts[6] = false;\n\t\t\t\t\tif (opts[7] == 'yes') opts[7] = true; else opts[7] = false;\n\t\t\t\t\tif (opts[0] == 'fade') opts[0] = true; else opts[0] = false;\n\t\t\t\t\n\t\t\t\t\twho.slick({\n\t\t\t\t\t\tfade: opts[0],\n\t\t\t\t\t\tdots: opts[6], \n\t\t\t\t\t\tautoplay: opts[2], \n\t\t\t\t\t\tautoplaySpeed:opts[3], speed:opts[4], infinite: true,\n\t\t\t\t\t\tarrows: opts[5],\n\t\t\t\t\t\tadaptiveHeight:true,\n\t\t\t\t\t\tnextArrow:'<button type=\"button\" class=\"slick-next default\"><i class=\"ultsl-arrow-right6\"><\/i><\/button>',\n\t\t\t\t\t\tprevArrow:'<button type=\"button\" class=\"slick-prev default\"><i class=\"ultsl-arrow-left6\"><\/i><\/button>',\n\t\t\t\t\t\tswipe:true,\n\t\t\t\t\t\tdraggable:true,\n\t\t\t\t\t\ttouchMove:true,\n\t\t\t\t\t\tslidesToScroll: parseInt(opts[9],10),\n\t\t\t\t\t\tslidesToShow: parseInt(opts[9],10),\n\t\t\t\t\t\tresponsive:[{\n\t\t\t\t\t\t\tbreakpoint: 1024,\n\t\t\t\t\t\t\tsettings:{\n\t\t\t\t\t\t\t\tslidesToShow: parseInt(opts[10],10),\n\t\t\t\t\t\t\t\tslidesToScroll: parseInt(opts[10],10)\n\t\t\t\t\t\t\t}\n\t\t\t\t\t\t},{\n\t\t\t\t\t\t\tbreakpoint: 768,\n\t\t\t\t\t\t\tsettings:{\n\t\t\t\t\t\t\t\tslidesToShow: parseInt(opts[11],10),\n\t\t\t\t\t\t\t\tslidesToScroll: parseInt(opts[11],10)\n\t\t\t\t\t\t\t}\n\t\t\t\t\t\t},{\n\t\t\t\t\t\t\tbreakpoint: 480,\n\t\t\t\t\t\t\tsettings:{\n\t\t\t\t\t\t\t\tslidesToShow: parseInt(opts[12],10),\n\t\t\t\t\t\t\t\tslidesToScroll: parseInt(opts[12],10)\n\t\t\t\t\t\t\t}\n\t\t\t\t\t\t}],\n\t\t\t\t\t\tpauseOnHover:opts[7],\n\t\t\t\t\t\tpauseOnDotsHover:opts[7],\n\t\t\t\t\t\tcustomPaging:function(slider,i){\n\t\t\t\t\t\t\treturn'<i type=\"button\" class=\"ultsl-record\" data-role=\"none\"><\/i>';\n\t\t\t\t\t\t}\n\t\t\t\t\t});\n\t\t\t\t});\n\t\t\t<\/script>[vc_empty_space height=&#8221;90px&#8221;][\/vc_column][vc_column width=&#8221;1\/6&#8243;][\/vc_column][\/vc_row][\/vc_section][vc_row][vc_column][\/vc_column][\/vc_row]<\/p>\n<\/section>","protected":false},"excerpt":{"rendered":"<p>[vc_section parallax=&#8221;content-moving&#8221; parallax_image=&#8221;344&#8243;][vc_row][vc_column width=&#8221;1\/6&#8243;][\/vc_column][vc_column width=&#8221;2\/3&#8243;][vc_custom_heading text=&#8221;THE FUTURE COMPANY INSPIRES ACROSS SECTORS&#8221; font_container=&#8221;tag:h5|text_align:center|color:__USE_THEME_MAIN_COLOR__&#8221; use_theme_fonts=&#8221;yes&#8221;][vc_custom_heading text=&#8221;OUR CLIENTS&#8221; font_container=&#8221;tag:h2|font_size:50px|text_align:center|color:%23f7f7f7&#8243; use_theme_fonts=&#8221;yes&#8221;][vc_empty_space height=&#8221;60px&#8221;][vc_custom_heading text=&#8221;SOME OF OUR CLIENTS&#8221; font_container=&#8221;tag:h5|text_align:center&#8221; use_theme_fonts=&#8221;yes&#8221;][vc_empty_space height=&#8221;60px&#8221;][vc_custom_heading text=&#8221;TESTIMONIALS&#8221; font_container=&#8221;tag:h5|text_align:center&#8221; use_theme_fonts=&#8221;yes&#8221;][vc_empty_space height=&#8221;90px&#8221;][\/vc_column][vc_column width=&#8221;1\/6&#8243;][\/vc_column][\/vc_row][\/vc_section][vc_row][vc_column][\/vc_column][\/vc_row]<\/p>\n","protected":false},"author":3,"featured_media":0,"parent":0,"menu_order":0,"comment_status":"closed","ping_status":"closed","template":"one-page-template.php","meta":{"footnotes":""},"folder":[],"class_list":["post-723","page","type-page","status-publish","hentry"],"_links":{"self":[{"href":"https:\/\/thefuturecompany.eu\/en\/wp-json\/wp\/v2\/pages\/723","targetHints":{"allow":["GET"]}}],"collection":[{"href":"https:\/\/thefuturecompany.eu\/en\/wp-json\/wp\/v2\/pages"}],"about":[{"href":"https:\/\/thefuturecompany.eu\/en\/wp-json\/wp\/v2\/types\/page"}],"author":[{"embeddable":true,"href":"https:\/\/thefuturecompany.eu\/en\/wp-json\/wp\/v2\/users\/3"}],"replies":[{"embeddable":true,"href":"https:\/\/thefuturecompany.eu\/en\/wp-json\/wp\/v2\/comments?post=723"}],"version-history":[{"count":2,"href":"https:\/\/thefuturecompany.eu\/en\/wp-json\/wp\/v2\/pages\/723\/revisions"}],"predecessor-version":[{"id":725,"href":"https:\/\/thefuturecompany.eu\/en\/wp-json\/wp\/v2\/pages\/723\/revisions\/725"}],"wp:attachment":[{"href":"https:\/\/thefuturecompany.eu\/en\/wp-json\/wp\/v2\/media?parent=723"}],"wp:term":[{"taxonomy":"folder","embeddable":true,"href":"https:\/\/thefuturecompany.eu\/en\/wp-json\/wp\/v2\/folder?post=723"}],"curies":[{"name":"wp","href":"https:\/\/api.w.org\/{rel}","templated":true}]}}